{"id":1021,"date":"2024-08-14T04:34:40","date_gmt":"2024-08-14T04:34:40","guid":{"rendered":"https:\/\/gramentheme.com\/wp\/xbuild\/?page_id=1021"},"modified":"2026-02-06T10:38:03","modified_gmt":"2026-02-06T10:38:03","slug":"nos-metiers","status":"publish","type":"page","link":"https:\/\/www.adam-bat.com\/index.php\/nos-metiers\/","title":{"rendered":"Nos m\u00e9tiers"},"content":{"rendered":"\t\t<div data-elementor-type=\"wp-page\" data-elementor-id=\"1021\" class=\"elementor elementor-1021\">\n\t\t\t\t<div class=\"elementor-element elementor-element-8d99935 e-flex e-con-boxed e-con e-parent\" data-id=\"8d99935\" data-element_type=\"container\">\n\t\t\t\t\t<div class=\"e-con-inner\">\n\t\t\t\t<div class=\"elementor-element elementor-element-ec54597 elementor-widget elementor-widget-konstic-project-grid-widget\" data-id=\"ec54597\" data-element_type=\"widget\" data-widget_type=\"konstic-project-grid-widget.default\">\n\t\t\t\t<div class=\"elementor-widget-container\">\n\t\t\t\t\t\r\n\r\n\t <script>\r\n jQuery(document).ready(function($) {\r\n\r\n\/\/ js code start\r\n\r\nif($(\".project-slider\").length > 0) {\r\n\tconst projectSlider = new Swiper(\".project-slider\", {\r\n\t\tspaceBetween: 30,\r\n\t\tspeed: 2000,\r\n\t\tloop: true,\r\n\t\tcenteredSlides: true,\r\n\t\tautoplay: {\r\n\t\t\tdelay: 2000,\r\n\t\t\tdisableOnInteraction: false,\r\n\t\t},\r\n\t\tpagination: {\r\n\t\t\tel: \".project-dot\",\r\n\t\t},\r\n\t\tbreakpoints: {\r\n\t\t\t1199: {\r\n\t\t\t\tslidesPerView: 3,\r\n\t\t\t},\r\n\t\t\t991: {\r\n\t\t\t\tslidesPerView: 2,\r\n\t\t\t},\r\n\t\t\t767: {\r\n\t\t\t\tslidesPerView: 2,\r\n\t\t\t},\r\n\t\t\t575: {\r\n\t\t\t\tslidesPerView: 1,\r\n\t\t\t},\r\n\t\t\t0: {\r\n\t\t\t\tslidesPerView: 1,\r\n\t\t\t},\r\n\t\t},\r\n\t});\r\n}\r\n\r\n\/\/ js code end \r\n\r\n  });\r\n<\/script>\r\n\t\r\n\r\n\t\t<div class=\"row g-4\">\r\n\t\t\t\t\r\n\t\t\t<div class=\"col-xl-4 col-lg-6 col-md-6\">\r\n\t\t\t\t<div class=\"project-card-items\">\r\n\t\t\t\t\t<div class=\"project-image\">\r\n\t\t\t\t\t\t<img decoding=\"async\" src=\"https:\/\/www.adam-bat.com\/wp-content\/uploads\/2025\/11\/Gemini_Generated_Image_6b0xey6b0xey6b0x_cleanup.webp\" alt=\"img\">\r\n\t\t\t\t\t\t<img decoding=\"async\" src=\"https:\/\/www.adam-bat.com\/wp-content\/uploads\/2025\/11\/Gemini_Generated_Image_6b0xey6b0xey6b0x_cleanup.webp\" alt=\"img\">\r\n\t\t\t\t\t<\/div>\r\n\t\t\t\t\t<div class=\"project-content\">\r\n\t\t\t\t\t\t<h3><a href=\"https:\/\/www.adam-bat.com\/index.php\/devis-en-ligne\/\">Pose de carrelage<\/a><\/h3>\r\n\t\t\t\t\t\t<p>\r\n\t\t\t\t\t\t\tPose de carrelage au sol et au mur pour cuisines, salles de bains, pi\u00e8ces de vie ou ext\u00e9rieurs.\nPrise en charge de la pr\u00e9paration des surfaces, du calepinage, des d\u00e9coupes et des joints pour un r\u00e9sultat pr\u00e9cis, align\u00e9 et facile d\u2019entretien.\t\t\t\t\t\t<\/p>\r\n\t\t\t\t\t\t<a href=\"https:\/\/www.adam-bat.com\/index.php\/devis-en-ligne\/\" class=\"theme-btn mt-3 wow fadeInUp\" data-wow-delay=\".3s\"> <i class=\"fa-regular fa-arrow-right\"><\/i><\/a>\r\n\t\t\t\t\t<\/div>\r\n\t\t\t\t\t<div class=\"shape-img\">\r\n\t\t\t\t\t\t\t\t\t\t\t<img decoding=\"async\" src=\"https:\/\/www.adam-bat.com\/wp-content\/uploads\/2024\/08\/shape-left.png\" alt=\"\">\r\n\t\t\t\t\t\t\t\t\t\t<\/div>\t\t\t\t\t\r\n\t\t\t\t<\/div>\r\n\t\t\t<\/div>\r\n\t\t\t\t\r\n\t\t\t<div class=\"col-xl-4 col-lg-6 col-md-6\">\r\n\t\t\t\t<div class=\"project-card-items\">\r\n\t\t\t\t\t<div class=\"project-image\">\r\n\t\t\t\t\t\t<img decoding=\"async\" src=\"https:\/\/www.adam-bat.com\/wp-content\/uploads\/2025\/11\/Gemini_Generated_Image_eh03bieh03bieh03_cleanup.webp\" alt=\"img\">\r\n\t\t\t\t\t\t<img decoding=\"async\" src=\"https:\/\/www.adam-bat.com\/wp-content\/uploads\/2025\/11\/Gemini_Generated_Image_eh03bieh03bieh03_cleanup.webp\" alt=\"img\">\r\n\t\t\t\t\t<\/div>\r\n\t\t\t\t\t<div class=\"project-content\">\r\n\t\t\t\t\t\t<h3><a href=\"https:\/\/www.adam-bat.com\/index.php\/devis-en-ligne\/\">Peinture<\/a><\/h3>\r\n\t\t\t\t\t\t<p>\r\n\t\t\t\t\t\t\tTravaux de peinture int\u00e9rieure et ext\u00e9rieure, sur murs, plafonds, boiseries et fa\u00e7ades.\nPr\u00e9paration des supports (rebouchage, pon\u00e7age, sous-couche) et application de peintures adapt\u00e9es (mat, satin, brillant) pour un rendu durable, propre et esth\u00e9tique.\t\t\t\t\t\t<\/p>\r\n\t\t\t\t\t\t<a href=\"https:\/\/www.adam-bat.com\/index.php\/devis-en-ligne\/\" class=\"theme-btn mt-3 wow fadeInUp\" data-wow-delay=\".3s\"> <i class=\"fa-regular fa-arrow-right\"><\/i><\/a>\r\n\t\t\t\t\t<\/div>\r\n\t\t\t\t\t<div class=\"shape-img\">\r\n\t\t\t\t\t\t\t\t\t\t\t<img decoding=\"async\" src=\"https:\/\/www.adam-bat.com\/wp-content\/uploads\/2024\/08\/shape-left.png\" alt=\"\">\r\n\t\t\t\t\t\t\t\t\t\t<\/div>\t\t\t\t\t\r\n\t\t\t\t<\/div>\r\n\t\t\t<\/div>\r\n\t\t\t\t\r\n\t\t\t<div class=\"col-xl-4 col-lg-6 col-md-6\">\r\n\t\t\t\t<div class=\"project-card-items\">\r\n\t\t\t\t\t<div class=\"project-image\">\r\n\t\t\t\t\t\t<img decoding=\"async\" src=\"https:\/\/www.adam-bat.com\/wp-content\/uploads\/2025\/11\/Gemini_Generated_Image_141hwz141hwz141h_cleanup.webp\" alt=\"img\">\r\n\t\t\t\t\t\t<img decoding=\"async\" src=\"https:\/\/www.adam-bat.com\/wp-content\/uploads\/2025\/11\/Gemini_Generated_Image_141hwz141hwz141h_cleanup.webp\" alt=\"img\">\r\n\t\t\t\t\t<\/div>\r\n\t\t\t\t\t<div class=\"project-content\">\r\n\t\t\t\t\t\t<h3><a href=\"https:\/\/www.adam-bat.com\/index.php\/devis-en-ligne\/\">Rev\u00eatement de sol<\/a><\/h3>\r\n\t\t\t\t\t\t<p>\r\n\t\t\t\t\t\t\tInstallation de diff\u00e9rents types de rev\u00eatements de sol selon les besoins : moquette, lino, sols PVC, stratifi\u00e9, etc.\nConseil sur le choix du mat\u00e9riau, pr\u00e9paration du support et pose soign\u00e9e pour des sols r\u00e9sistants, confortables et esth\u00e9tiques.\t\t\t\t\t\t<\/p>\r\n\t\t\t\t\t\t<a href=\"https:\/\/www.adam-bat.com\/index.php\/devis-en-ligne\/\" class=\"theme-btn mt-3 wow fadeInUp\" data-wow-delay=\".3s\"> <i class=\"fa-regular fa-arrow-right\"><\/i><\/a>\r\n\t\t\t\t\t<\/div>\r\n\t\t\t\t\t<div class=\"shape-img\">\r\n\t\t\t\t\t\t\t\t\t\t\t<img decoding=\"async\" src=\"https:\/\/www.adam-bat.com\/wp-content\/uploads\/2024\/08\/shape-left.png\" alt=\"\">\r\n\t\t\t\t\t\t\t\t\t\t<\/div>\t\t\t\t\t\r\n\t\t\t\t<\/div>\r\n\t\t\t<\/div>\r\n\t\t\t\t\r\n\t\t\t<div class=\"col-xl-4 col-lg-6 col-md-6\">\r\n\t\t\t\t<div class=\"project-card-items\">\r\n\t\t\t\t\t<div class=\"project-image\">\r\n\t\t\t\t\t\t<img decoding=\"async\" src=\"https:\/\/www.adam-bat.com\/wp-content\/uploads\/2025\/11\/Gemini_Generated_Image_c5ek2xc5ek2xc5ek_cleanup.webp\" alt=\"img\">\r\n\t\t\t\t\t\t<img decoding=\"async\" src=\"https:\/\/www.adam-bat.com\/wp-content\/uploads\/2025\/11\/Gemini_Generated_Image_c5ek2xc5ek2xc5ek_cleanup.webp\" alt=\"img\">\r\n\t\t\t\t\t<\/div>\r\n\t\t\t\t\t<div class=\"project-content\">\r\n\t\t\t\t\t\t<h3><a href=\"https:\/\/www.adam-bat.com\/index.php\/devis-en-ligne\/\">Ravalement de facade<\/a><\/h3>\r\n\t\t\t\t\t\t<p>\r\n\t\t\t\t\t\t\tR\u00e9novation et remise en \u00e9tat des fa\u00e7ades : nettoyage, traitement, r\u00e9paration des fissures et application d\u2019enduits et peintures ext\u00e9rieures.\nObjectif : prot\u00e9ger le b\u00e2ti, am\u00e9liorer l\u2019isolation et redonner un aspect propre et entretenu \u00e0 l\u2019immeuble ou \u00e0 la maison.\t\t\t\t\t\t<\/p>\r\n\t\t\t\t\t\t<a href=\"https:\/\/www.adam-bat.com\/index.php\/devis-en-ligne\/\" class=\"theme-btn mt-3 wow fadeInUp\" data-wow-delay=\".3s\"> <i class=\"fa-regular fa-arrow-right\"><\/i><\/a>\r\n\t\t\t\t\t<\/div>\r\n\t\t\t\t\t<div class=\"shape-img\">\r\n\t\t\t\t\t\t\t\t\t\t\t<img decoding=\"async\" src=\"https:\/\/www.adam-bat.com\/wp-content\/uploads\/2024\/08\/shape-left.png\" alt=\"\">\r\n\t\t\t\t\t\t\t\t\t\t<\/div>\t\t\t\t\t\r\n\t\t\t\t<\/div>\r\n\t\t\t<\/div>\r\n\t\t\t\t\r\n\t\t\t<div class=\"col-xl-4 col-lg-6 col-md-6\">\r\n\t\t\t\t<div class=\"project-card-items\">\r\n\t\t\t\t\t<div class=\"project-image\">\r\n\t\t\t\t\t\t<img decoding=\"async\" src=\"https:\/\/www.adam-bat.com\/wp-content\/uploads\/2025\/11\/Gemini_Generated_Image_xf313xxf313xxf31_cleanup.webp\" alt=\"img\">\r\n\t\t\t\t\t\t<img decoding=\"async\" src=\"https:\/\/www.adam-bat.com\/wp-content\/uploads\/2025\/11\/Gemini_Generated_Image_xf313xxf313xxf31_cleanup.webp\" alt=\"img\">\r\n\t\t\t\t\t<\/div>\r\n\t\t\t\t\t<div class=\"project-content\">\r\n\t\t\t\t\t\t<h3><a href=\"https:\/\/www.adam-bat.com\/index.php\/devis-en-ligne\/\">Pose de parquet, papier peint, toile<\/a><\/h3>\r\n\t\t\t\t\t\t<p>\r\n\t\t\t\t\t\t\tPose de parquet (flottant, coll\u00e9) avec sous-couche adapt\u00e9e ainsi que pose de papier peint et de toile de verre.\nMise en valeur des murs et des sols gr\u00e2ce \u00e0 des rev\u00eatements d\u00e9coratifs qui modernisent et personnalisent les espaces.\t\t\t\t\t\t<\/p>\r\n\t\t\t\t\t\t<a href=\"https:\/\/www.adam-bat.com\/index.php\/devis-en-ligne\/\" class=\"theme-btn mt-3 wow fadeInUp\" data-wow-delay=\".3s\"> <i class=\"fa-regular fa-arrow-right\"><\/i><\/a>\r\n\t\t\t\t\t<\/div>\r\n\t\t\t\t\t<div class=\"shape-img\">\r\n\t\t\t\t\t\t\t\t\t\t\t<img decoding=\"async\" src=\"https:\/\/www.adam-bat.com\/wp-content\/uploads\/2024\/08\/shape-left.png\" alt=\"\">\r\n\t\t\t\t\t\t\t\t\t\t<\/div>\t\t\t\t\t\r\n\t\t\t\t<\/div>\r\n\t\t\t<\/div>\r\n\t\t\t\t\r\n\t\t\t<div class=\"col-xl-4 col-lg-6 col-md-6\">\r\n\t\t\t\t<div class=\"project-card-items\">\r\n\t\t\t\t\t<div class=\"project-image\">\r\n\t\t\t\t\t\t<img decoding=\"async\" src=\"https:\/\/www.adam-bat.com\/wp-content\/uploads\/2025\/11\/Gemini_Generated_Image_k0drq2k0drq2k0dr_cleanup.webp\" alt=\"img\">\r\n\t\t\t\t\t\t<img decoding=\"async\" src=\"https:\/\/www.adam-bat.com\/wp-content\/uploads\/2025\/11\/Gemini_Generated_Image_k0drq2k0drq2k0dr_cleanup.webp\" alt=\"img\">\r\n\t\t\t\t\t<\/div>\r\n\t\t\t\t\t<div class=\"project-content\">\r\n\t\t\t\t\t\t<h3><a href=\"https:\/\/www.adam-bat.com\/index.php\/devis-en-ligne\/\">Moquette, lino, parquet<\/a><\/h3>\r\n\t\t\t\t\t\t<p>\r\n\t\t\t\t\t\t\tPose de moquette, lino et parquet (stratifi\u00e9 ou contrecoll\u00e9) dans les pi\u00e8ces \u00e0 vivre, bureaux, chambres ou locaux professionnels.\nAccompagnement sur le choix des rev\u00eatements, d\u00e9coupe sur mesure et finitions propres pour un rendu chaleureux et professionnel.\t\t\t\t\t\t<\/p>\r\n\t\t\t\t\t\t<a href=\"https:\/\/www.adam-bat.com\/index.php\/devis-en-ligne\/\" class=\"theme-btn mt-3 wow fadeInUp\" data-wow-delay=\".3s\"> <i class=\"fa-regular fa-arrow-right\"><\/i><\/a>\r\n\t\t\t\t\t<\/div>\r\n\t\t\t\t\t<div class=\"shape-img\">\r\n\t\t\t\t\t\t\t\t\t\t\t<img decoding=\"async\" src=\"https:\/\/www.adam-bat.com\/wp-content\/uploads\/2024\/08\/shape-left.png\" alt=\"\">\r\n\t\t\t\t\t\t\t\t\t\t<\/div>\t\t\t\t\t\r\n\t\t\t\t<\/div>\r\n\t\t\t<\/div>\r\n\t\t\t\t\r\n\t\t\t<div class=\"col-xl-4 col-lg-6 col-md-6\">\r\n\t\t\t\t<div class=\"project-card-items\">\r\n\t\t\t\t\t<div class=\"project-image\">\r\n\t\t\t\t\t\t<img decoding=\"async\" src=\"https:\/\/www.adam-bat.com\/wp-content\/uploads\/2025\/11\/Gemini_Generated_Image_es2sv1es2sv1es2s_cleanup.webp\" alt=\"img\">\r\n\t\t\t\t\t\t<img decoding=\"async\" src=\"https:\/\/www.adam-bat.com\/wp-content\/uploads\/2025\/11\/Gemini_Generated_Image_es2sv1es2sv1es2s_cleanup.webp\" alt=\"img\">\r\n\t\t\t\t\t<\/div>\r\n\t\t\t\t\t<div class=\"project-content\">\r\n\t\t\t\t\t\t<h3><a href=\"https:\/\/www.adam-bat.com\/index.php\/devis-en-ligne\/\">Ma\u00e7onnerie<\/a><\/h3>\r\n\t\t\t\t\t\t<p>\r\n\t\t\t\t\t\t\tTravaux de ma\u00e7onnerie courante : petites d\u00e9molitions, cr\u00e9ation ou modification de cloisons, reprises de murs, seuils, murets, supports pour am\u00e9nagements.\nInterventions structurelles ou de finition pour adapter les volumes et pr\u00e9parer les supports avant finition.\t\t\t\t\t\t<\/p>\r\n\t\t\t\t\t\t<a href=\"https:\/\/www.adam-bat.com\/index.php\/devis-en-ligne\/\" class=\"theme-btn mt-3 wow fadeInUp\" data-wow-delay=\".3s\"> <i class=\"fa-regular fa-arrow-right\"><\/i><\/a>\r\n\t\t\t\t\t<\/div>\r\n\t\t\t\t\t<div class=\"shape-img\">\r\n\t\t\t\t\t\t\t\t\t\t\t<img decoding=\"async\" src=\"https:\/\/www.adam-bat.com\/wp-content\/uploads\/2024\/08\/shape-left.png\" alt=\"\">\r\n\t\t\t\t\t\t\t\t\t\t<\/div>\t\t\t\t\t\r\n\t\t\t\t<\/div>\r\n\t\t\t<\/div>\r\n\t\t\t\t\r\n\t\t\t<div class=\"col-xl-4 col-lg-6 col-md-6\">\r\n\t\t\t\t<div class=\"project-card-items\">\r\n\t\t\t\t\t<div class=\"project-image\">\r\n\t\t\t\t\t\t<img decoding=\"async\" src=\"https:\/\/www.adam-bat.com\/wp-content\/uploads\/2025\/11\/Gemini_Generated_Image_jmammyjmammyjmam_cleanup.webp\" alt=\"img\">\r\n\t\t\t\t\t\t<img decoding=\"async\" src=\"https:\/\/www.adam-bat.com\/wp-content\/uploads\/2025\/11\/Gemini_Generated_Image_jmammyjmammyjmam_cleanup.webp\" alt=\"img\">\r\n\t\t\t\t\t<\/div>\r\n\t\t\t\t\t<div class=\"project-content\">\r\n\t\t\t\t\t\t<h3><a href=\"https:\/\/www.adam-bat.com\/index.php\/devis-en-ligne\/\">Placo (plaques de pl\u00e2tre)<\/a><\/h3>\r\n\t\t\t\t\t\t<p>\r\n\t\t\t\t\t\t\tR\u00e9alisation de cloisons, doublages, faux plafonds et habillages en plaques de pl\u00e2tre (placo).\nPermet de redistribuer les espaces, int\u00e9grer de l\u2019isolation, cacher les r\u00e9seaux et obtenir des surfaces pr\u00eates \u00e0 \u00eatre peintes ou rev\u00eatues.\t\t\t\t\t\t<\/p>\r\n\t\t\t\t\t\t<a href=\"https:\/\/www.adam-bat.com\/index.php\/devis-en-ligne\/\" class=\"theme-btn mt-3 wow fadeInUp\" data-wow-delay=\".3s\"> <i class=\"fa-regular fa-arrow-right\"><\/i><\/a>\r\n\t\t\t\t\t<\/div>\r\n\t\t\t\t\t<div class=\"shape-img\">\r\n\t\t\t\t\t\t\t\t\t\t\t<img decoding=\"async\" src=\"https:\/\/www.adam-bat.com\/wp-content\/uploads\/2024\/08\/shape-left.png\" alt=\"\">\r\n\t\t\t\t\t\t\t\t\t\t<\/div>\t\t\t\t\t\r\n\t\t\t\t<\/div>\r\n\t\t\t<\/div>\r\n\t\t\t\t\r\n\t\t\t<div class=\"col-xl-4 col-lg-6 col-md-6\">\r\n\t\t\t\t<div class=\"project-card-items\">\r\n\t\t\t\t\t<div class=\"project-image\">\r\n\t\t\t\t\t\t<img decoding=\"async\" src=\"https:\/\/www.adam-bat.com\/wp-content\/uploads\/2026\/02\/0689b1e4-9e37-42f4-a130-f8f8a27fa067.png\" alt=\"img\">\r\n\t\t\t\t\t\t<img decoding=\"async\" src=\"https:\/\/www.adam-bat.com\/wp-content\/uploads\/2026\/02\/0689b1e4-9e37-42f4-a130-f8f8a27fa067.png\" alt=\"img\">\r\n\t\t\t\t\t<\/div>\r\n\t\t\t\t\t<div class=\"project-content\">\r\n\t\t\t\t\t\t<h3><a href=\"https:\/\/www.adam-bat.com\/index.php\/devis-en-ligne\/\">\u00c9lectricit\u00e9 G\u00e9n\u00e9rale<\/a><\/h3>\r\n\t\t\t\t\t\t<p>\r\n\t\t\t\t\t\t\tMise en s\u00e9curit\u00e9 et installation compl\u00e8te en neuf ou r\u00e9novation. Pose de tableaux, distribution des circuits, prises et \u00e9clairages selon la norme NF C 15-100. Nous assurons une installation \u00e9lectrique performante, durable et parfaitement s\u00e9curis\u00e9e pour votre logement.\t\t\t\t\t\t<\/p>\r\n\t\t\t\t\t\t<a href=\"https:\/\/www.adam-bat.com\/index.php\/devis-en-ligne\/\" class=\"theme-btn mt-3 wow fadeInUp\" data-wow-delay=\".3s\"> <i class=\"fa-regular fa-arrow-right\"><\/i><\/a>\r\n\t\t\t\t\t<\/div>\r\n\t\t\t\t\t<div class=\"shape-img\">\r\n\t\t\t\t\t\t\t\t\t\t\t<img decoding=\"async\" src=\"https:\/\/www.adam-bat.com\/wp-content\/uploads\/2024\/08\/shape-left.png\" alt=\"\">\r\n\t\t\t\t\t\t\t\t\t\t<\/div>\t\t\t\t\t\r\n\t\t\t\t<\/div>\r\n\t\t\t<\/div>\r\n\t\t\t\t\r\n\t\t\t<div class=\"col-xl-4 col-lg-6 col-md-6\">\r\n\t\t\t\t<div class=\"project-card-items\">\r\n\t\t\t\t\t<div class=\"project-image\">\r\n\t\t\t\t\t\t<img decoding=\"async\" src=\"https:\/\/www.adam-bat.com\/wp-content\/uploads\/2026\/02\/45b2aab9-7487-421b-999c-5fa79e9b26ad.png\" alt=\"img\">\r\n\t\t\t\t\t\t<img decoding=\"async\" src=\"https:\/\/www.adam-bat.com\/wp-content\/uploads\/2026\/02\/45b2aab9-7487-421b-999c-5fa79e9b26ad.png\" alt=\"img\">\r\n\t\t\t\t\t<\/div>\r\n\t\t\t\t\t<div class=\"project-content\">\r\n\t\t\t\t\t\t<h3><a href=\"https:\/\/www.adam-bat.com\/index.php\/devis-en-ligne\/\">Plomberie &amp; Sanitaire<\/a><\/h3>\r\n\t\t\t\t\t\t<p>\r\n\t\t\t\t\t\t\tCr\u00e9ation et modification de r\u00e9seaux d'eau pour cuisines et salles de bains. Installation soign\u00e9e d'\u00e9quipements (chauffe-eau, robinetterie, vasques, WC) et gestion des \u00e9vacuations. Des interventions fiables pour garantir l'\u00e9tanch\u00e9it\u00e9 et le confort sanitaire de votre habitat.\t\t\t\t\t\t<\/p>\r\n\t\t\t\t\t\t<a href=\"https:\/\/www.adam-bat.com\/index.php\/devis-en-ligne\/\" class=\"theme-btn mt-3 wow fadeInUp\" data-wow-delay=\".3s\"> <i class=\"fa-regular fa-arrow-right\"><\/i><\/a>\r\n\t\t\t\t\t<\/div>\r\n\t\t\t\t\t<div class=\"shape-img\">\r\n\t\t\t\t\t\t\t\t\t\t\t<img decoding=\"async\" src=\"https:\/\/www.adam-bat.com\/wp-content\/uploads\/2024\/08\/shape-left.png\" alt=\"\">\r\n\t\t\t\t\t\t\t\t\t\t<\/div>\t\t\t\t\t\r\n\t\t\t\t<\/div>\r\n\t\t\t<\/div>\r\n\t\t\t\t\t<\/div>\r\n\r\n\t\t\t\r\n\r\n             \r\n\t\t\t\t\t\t<\/div>\n\t\t\t\t<\/div>\n\t\t\t\t\t<\/div>\n\t\t\t\t<\/div>\n\t\t\t\t<\/div>\n\t\t","protected":false},"excerpt":{"rendered":"Pose de carrelage Pose de carrelage au sol et au mur pour cuisines, salles de bains, pi\u00e8ces de vie ou ext\u00e9rieurs. Prise en charge de la pr\u00e9paration des surfaces, du calepinage, des d\u00e9coupes et des joints pour un r\u00e9sultat pr\u00e9cis, align\u00e9 et facile d\u2019entretien. Peinture Travaux de peinture int\u00e9rieure et ext\u00e9rieure, sur murs, plafonds, boiseries\u2026","protected":false},"author":1,"featured_media":0,"parent":0,"menu_order":0,"comment_status":"closed","ping_status":"closed","template":"elementor_header_footer","meta":{"inline_featured_image":false,"footnotes":""},"class_list":["post-1021","page","type-page","status-publish","hentry"],"_links":{"self":[{"href":"https:\/\/www.adam-bat.com\/index.php\/wp-json\/wp\/v2\/pages\/1021","targetHints":{"allow":["GET"]}}],"collection":[{"href":"https:\/\/www.adam-bat.com\/index.php\/wp-json\/wp\/v2\/pages"}],"about":[{"href":"https:\/\/www.adam-bat.com\/index.php\/wp-json\/wp\/v2\/types\/page"}],"author":[{"embeddable":true,"href":"https:\/\/www.adam-bat.com\/index.php\/wp-json\/wp\/v2\/users\/1"}],"replies":[{"embeddable":true,"href":"https:\/\/www.adam-bat.com\/index.php\/wp-json\/wp\/v2\/comments?post=1021"}],"version-history":[{"count":24,"href":"https:\/\/www.adam-bat.com\/index.php\/wp-json\/wp\/v2\/pages\/1021\/revisions"}],"predecessor-version":[{"id":2668,"href":"https:\/\/www.adam-bat.com\/index.php\/wp-json\/wp\/v2\/pages\/1021\/revisions\/2668"}],"wp:attachment":[{"href":"https:\/\/www.adam-bat.com\/index.php\/wp-json\/wp\/v2\/media?parent=1021"}],"curies":[{"name":"wp","href":"https:\/\/api.w.org\/{rel}","templated":true}]}}