{"id":1049,"date":"2024-08-14T05:11:33","date_gmt":"2024-08-14T05:11:33","guid":{"rendered":"https:\/\/gramentheme.com\/wp\/xbuild\/?page_id=1049"},"modified":"2025-11-28T15:46:56","modified_gmt":"2025-11-28T15:46:56","slug":"devis-en-ligne","status":"publish","type":"page","link":"https:\/\/www.adam-bat.com\/index.php\/devis-en-ligne\/","title":{"rendered":"Devis en ligne"},"content":{"rendered":"\t\t<div data-elementor-type=\"wp-page\" data-elementor-id=\"1049\" class=\"elementor elementor-1049\">\n\t\t\t\t<div class=\"elementor-element elementor-element-d46f68a e-flex e-con-boxed e-con e-parent\" data-id=\"d46f68a\" data-element_type=\"container\">\n\t\t\t\t\t<div class=\"e-con-inner\">\n\t\t\t\t<div class=\"elementor-element elementor-element-11af4a5 elementor-widget elementor-widget-konstic-contact-form-widget\" data-id=\"11af4a5\" data-element_type=\"widget\" data-widget_type=\"konstic-contact-form-widget.default\">\n\t\t\t\t<div class=\"elementor-widget-container\">\n\t\t\t\t\t\r\n\r\n   \t\t<section class=\"contact-section-22\">\r\n            <div class=\"container\">\r\n                <div class=\"contact-form-items\">\r\n                    <div class=\"title text-center\">\r\n                        <h2><\/h2>\r\n                    <\/div>\r\n\t\t\t\t\t\n<div class=\"wpcf7 no-js\" id=\"wpcf7-f2359-o1\" lang=\"en-US\" dir=\"ltr\" data-wpcf7-id=\"2359\">\n<div class=\"screen-reader-response\"><p role=\"status\" aria-live=\"polite\" aria-atomic=\"true\"><\/p> <ul><\/ul><\/div>\n<form action=\"\/index.php\/wp-json\/wp\/v2\/pages\/1049#wpcf7-f2359-o1\" method=\"post\" class=\"wpcf7-form init\" aria-label=\"Contact form\" enctype=\"multipart\/form-data\" novalidate=\"novalidate\" data-status=\"init\">\n<fieldset class=\"hidden-fields-container\"><input type=\"hidden\" name=\"_wpcf7\" value=\"2359\" \/><input type=\"hidden\" name=\"_wpcf7_version\" value=\"6.1.3\" \/><input type=\"hidden\" name=\"_wpcf7_locale\" value=\"en_US\" \/><input type=\"hidden\" name=\"_wpcf7_unit_tag\" value=\"wpcf7-f2359-o1\" \/><input type=\"hidden\" name=\"_wpcf7_container_post\" value=\"0\" \/><input type=\"hidden\" name=\"_wpcf7_posted_data_hash\" value=\"\" \/>\n<\/fieldset>\n<p class=\"form-intro\">\n    <strong>Demandez votre devis gratuit en quelques minutes<\/strong><br>\n    Remplissez le formulaire ci-dessous afin que notre \u00e9quipe puisse analyser votre demande et vous proposer un devis clair, rapide et adapt\u00e9 \u00e0 vos besoins. Plus vous nous fournissez d\u2019informations (description, photos, types de travaux\u2026), plus votre devis sera pr\u00e9cis.<br><br>\n    \n<\/p>\n\n<div class=\"row g-4\">\n\n    <!-- Pr\u00e9nom -->\n    <div class=\"col-lg-6 wow fadeInUp\">\n        <div class=\"form-clt\">\n            <span class=\"wpcf7-form-control-wrap\" data-name=\"prenom\"><input size=\"40\" maxlength=\"400\" class=\"wpcf7-form-control wpcf7-text wpcf7-validates-as-required\" aria-required=\"true\" aria-invalid=\"false\" placeholder=\"Pr\u00e9nom\" value=\"\" type=\"text\" name=\"prenom\" \/><\/span>\n            <div class=\"icon\"><i class=\"fa-regular fa-user\"><\/i><\/div>\n        <\/div>\n    <\/div>\n\n    <!-- Nom -->\n    <div class=\"col-lg-6 wow fadeInUp\">\n        <div class=\"form-clt\">\n            <span class=\"wpcf7-form-control-wrap\" data-name=\"nom\"><input size=\"40\" maxlength=\"400\" class=\"wpcf7-form-control wpcf7-text wpcf7-validates-as-required\" aria-required=\"true\" aria-invalid=\"false\" placeholder=\"Nom\" value=\"\" type=\"text\" name=\"nom\" \/><\/span>\n            <div class=\"icon\"><i class=\"fa-regular fa-user\"><\/i><\/div>\n        <\/div>\n    <\/div>\n\n    <!-- T\u00e9l\u00e9phone -->\n    <div class=\"col-lg-6 wow fadeInUp\">\n        <div class=\"form-clt\">\n            <span class=\"wpcf7-form-control-wrap\" data-name=\"telephone\"><input size=\"40\" maxlength=\"400\" class=\"wpcf7-form-control wpcf7-tel wpcf7-validates-as-required wpcf7-text wpcf7-validates-as-tel\" aria-required=\"true\" aria-invalid=\"false\" placeholder=\"Num\u00e9ro de t\u00e9l\u00e9phone\" value=\"\" type=\"tel\" name=\"telephone\" \/><\/span>\n            <div class=\"icon\"><i class=\"fa-regular fa-phone\"><\/i><\/div>\n        <\/div>\n    <\/div>\n\n    <!-- Email -->\n    <div class=\"col-lg-6 wow fadeInUp\">\n        <div class=\"form-clt\">\n            <span class=\"wpcf7-form-control-wrap\" data-name=\"email\"><input size=\"40\" maxlength=\"400\" class=\"wpcf7-form-control wpcf7-email wpcf7-validates-as-required wpcf7-text wpcf7-validates-as-email\" aria-required=\"true\" aria-invalid=\"false\" placeholder=\"Adresse email\" value=\"\" type=\"email\" name=\"email\" \/><\/span>\n            <div class=\"icon\"><i class=\"fa-regular fa-envelope\"><\/i><\/div>\n        <\/div>\n    <\/div>\n\n    <!-- Adresse du chantier -->\n    <div class=\"col-lg-12 wow fadeInUp\">\n        <div class=\"form-clt\">\n            <span class=\"wpcf7-form-control-wrap\" data-name=\"adresse\"><input size=\"40\" maxlength=\"400\" class=\"wpcf7-form-control wpcf7-text\" aria-invalid=\"false\" placeholder=\"Adresse du chantier (facultatif)\" value=\"\" type=\"text\" name=\"adresse\" \/><\/span>\n            <div class=\"icon\"><i class=\"fa-regular fa-location-dot\"><\/i><\/div>\n        <\/div>\n    <\/div>\n\n    <!-- Travaux souhait\u00e9s -->\n    <div class=\"col-lg-12 wow fadeInUp\">\n        <label><strong>Type de travaux souhait\u00e9s :<\/strong><\/label><br>\n\n        <span class=\"wpcf7-form-control-wrap\" data-name=\"travaux\"><span class=\"wpcf7-form-control wpcf7-checkbox wpcf7-validates-as-required\"><span class=\"wpcf7-list-item first\"><label><input type=\"checkbox\" name=\"travaux[]\" value=\"Pose de Carrelage\" \/><span class=\"wpcf7-list-item-label\">Pose de Carrelage<\/span><\/label><\/span><span class=\"wpcf7-list-item\"><label><input type=\"checkbox\" name=\"travaux[]\" value=\"Peinture\" \/><span class=\"wpcf7-list-item-label\">Peinture<\/span><\/label><\/span><span class=\"wpcf7-list-item\"><label><input type=\"checkbox\" name=\"travaux[]\" value=\"Rev\u00eatement de Sol\" \/><span class=\"wpcf7-list-item-label\">Rev\u00eatement de Sol<\/span><\/label><\/span><span class=\"wpcf7-list-item\"><label><input type=\"checkbox\" name=\"travaux[]\" value=\"Ravalement de Fa\u00e7ade\" \/><span class=\"wpcf7-list-item-label\">Ravalement de Fa\u00e7ade<\/span><\/label><\/span><span class=\"wpcf7-list-item\"><label><input type=\"checkbox\" name=\"travaux[]\" value=\"Pose de Parquet \/ Papier Peint \/ Toile\" \/><span class=\"wpcf7-list-item-label\">Pose de Parquet \/ Papier Peint \/ Toile<\/span><\/label><\/span><span class=\"wpcf7-list-item\"><label><input type=\"checkbox\" name=\"travaux[]\" value=\"Moquette \/ Lino \/ Parquet\" \/><span class=\"wpcf7-list-item-label\">Moquette \/ Lino \/ Parquet<\/span><\/label><\/span><span class=\"wpcf7-list-item\"><label><input type=\"checkbox\" name=\"travaux[]\" value=\"Ma\u00e7onnerie\" \/><span class=\"wpcf7-list-item-label\">Ma\u00e7onnerie<\/span><\/label><\/span><span class=\"wpcf7-list-item\"><label><input type=\"checkbox\" name=\"travaux[]\" value=\"Placo (Plaques de Pl\u00e2tre)\" \/><span class=\"wpcf7-list-item-label\">Placo (Plaques de Pl\u00e2tre)<\/span><\/label><\/span><span class=\"wpcf7-list-item last\"><label><input type=\"checkbox\" name=\"travaux[]\" value=\"Autre (pr\u00e9cisez dans le message)\" \/><span class=\"wpcf7-list-item-label\">Autre (pr\u00e9cisez dans le message)<\/span><\/label><\/span><\/span><\/span>\n    <\/div>\n\n    <!-- Message -->\n    <div class=\"col-lg-12 wow fadeInUp\">\n        <div class=\"form-clt\">\n            <span class=\"wpcf7-form-control-wrap\" data-name=\"message\"><textarea cols=\"40\" rows=\"10\" maxlength=\"2000\" class=\"wpcf7-form-control wpcf7-textarea wpcf7-validates-as-required\" aria-required=\"true\" aria-invalid=\"false\" placeholder=\"D\u00e9crivez votre projet...\" name=\"message\"><\/textarea><\/span>\n            <div class=\"icon\"><i class=\"fa-sharp fa-light fa-pencil\"><\/i><\/div>\n        <\/div>\n    <\/div>\n\n    <!-- Texte explicatif photos -->\n    <div class=\"col-lg-12 wow fadeInUp\">\n        <p><strong>Vous pouvez ajouter des photos (optionnel) :<\/strong><br>\n        Cela nous aide \u00e0 mieux comprendre votre projet et \u00e0 vous proposer un devis pr\u00e9cis.<\/p>\n    <\/div>\n\n    <!-- Upload photos -->\n    <div class=\"col-lg-12 wow fadeInUp\">\n        <div class=\"form-clt\">\n            <span class=\"wpcf7-form-control-wrap\" data-name=\"photos\"><input size=\"40\" class=\"wpcf7-form-control wpcf7-file\" accept=\".jpg,.jpeg,.png,.pdf\" aria-invalid=\"false\" type=\"file\" name=\"photos\" \/><\/span>\n            <div class=\"icon\"><i class=\"fa-regular fa-image\"><\/i><\/div>\n        <\/div>\n    <\/div>\n\n    <!-- Submit -->\n    <div class=\"col-lg-12 wow fadeInUp\">\n        <button type=\"submit\" class=\"theme-btn w-100\">\n            ENVOYER MA DEMANDE DE DEVIS\n        <\/button>\n    <\/div>\n\n<\/div><div class=\"wpcf7-response-output\" aria-hidden=\"true\"><\/div>\n<\/form>\n<\/div>\n                <\/div>\r\n            <\/div>\r\n        <\/section>\r\n\t\r\n\r\n             \r\n\t\t\t\t\t\t<\/div>\n\t\t\t\t<\/div>\n\t\t\t\t\t<\/div>\n\t\t\t\t<\/div>\n\t\t\t\t<\/div>\n\t\t","protected":false},"excerpt":{"rendered":"Demandez votre devis gratuit Votre Nom * T\u00e9l\u00e9phone * Email * Adresse du chantier * Type de prestation * &#8212;Please choose an option&#8212;Ma\u00e7onneriePeintureR\u00e9novation compl\u00e8tePlomberieElectricit\u00e9Rev\u00eatement sol\/mursIsolationAutre Urgence de la demande * &#8212;Please choose an option&#8212;Pas urgentSous 7 joursSous 48hUrgent Budget estim\u00e9 (optionnel) &#8212;Please choose an option&#8212;Moins de 1 000\u20ac1 000\u20ac \u2013 5 000\u20ac5 000\u20ac \u2013 10\u2026","protected":false},"author":1,"featured_media":0,"parent":0,"menu_order":0,"comment_status":"closed","ping_status":"closed","template":"elementor_header_footer","meta":{"inline_featured_image":false,"footnotes":""},"class_list":["post-1049","page","type-page","status-publish","hentry"],"_links":{"self":[{"href":"https:\/\/www.adam-bat.com\/index.php\/wp-json\/wp\/v2\/pages\/1049","targetHints":{"allow":["GET"]}}],"collection":[{"href":"https:\/\/www.adam-bat.com\/index.php\/wp-json\/wp\/v2\/pages"}],"about":[{"href":"https:\/\/www.adam-bat.com\/index.php\/wp-json\/wp\/v2\/types\/page"}],"author":[{"embeddable":true,"href":"https:\/\/www.adam-bat.com\/index.php\/wp-json\/wp\/v2\/users\/1"}],"replies":[{"embeddable":true,"href":"https:\/\/www.adam-bat.com\/index.php\/wp-json\/wp\/v2\/comments?post=1049"}],"version-history":[{"count":5,"href":"https:\/\/www.adam-bat.com\/index.php\/wp-json\/wp\/v2\/pages\/1049\/revisions"}],"predecessor-version":[{"id":2362,"href":"https:\/\/www.adam-bat.com\/index.php\/wp-json\/wp\/v2\/pages\/1049\/revisions\/2362"}],"wp:attachment":[{"href":"https:\/\/www.adam-bat.com\/index.php\/wp-json\/wp\/v2\/media?parent=1049"}],"curies":[{"name":"wp","href":"https:\/\/api.w.org\/{rel}","templated":true}]}}