{"id":1063,"date":"2024-08-14T11:41:43","date_gmt":"2024-08-14T11:41:43","guid":{"rendered":"https:\/\/gramentheme.com\/wp\/xbuild\/?page_id=1063"},"modified":"2025-11-28T08:49:06","modified_gmt":"2025-11-28T08:49:06","slug":"notre-histoire","status":"publish","type":"page","link":"https:\/\/www.adam-bat.com\/index.php\/notre-histoire\/","title":{"rendered":"Notre histoire"},"content":{"rendered":"\t\t<div data-elementor-type=\"wp-page\" data-elementor-id=\"1063\" class=\"elementor elementor-1063\">\n\t\t\t\t<div class=\"elementor-element elementor-element-3a39e3c e-flex e-con-boxed e-con e-parent\" data-id=\"3a39e3c\" data-element_type=\"container\">\n\t\t\t\t\t<div class=\"e-con-inner\">\n\t\t<div class=\"elementor-element elementor-element-95c58d4 e-con-full e-flex e-con e-child\" data-id=\"95c58d4\" data-element_type=\"container\">\n\t\t\t\t<div class=\"elementor-element elementor-element-ad5cd4a elementor-widget elementor-widget-konstic-theme-image-box-widget\" data-id=\"ad5cd4a\" data-element_type=\"widget\" data-widget_type=\"konstic-theme-image-box-widget.default\">\n\t\t\t\t<div class=\"elementor-widget-container\">\n\t\t\t\t\t\r\n\t\r\n\r\n\t\t<div class=\"achivements-wrapper\">\r\n\t\t\t<div class=\"achivements-image\">\r\n\t\t\t\t   \r\n\t\t\t\t\t<img decoding=\"async\" class=\"wow fadeInLeft\" data-wow-delay=\".3s\" src=\"https:\/\/www.adam-bat.com\/wp-content\/uploads\/2025\/11\/WhatsApp-Image-2025-10-18-at-21.08.03-4-e1764319701954.jpeg\" alt=\"\"\/>\r\n\t\t\t\t\t\t\t\t<div class=\"achivements-image-2 float-bob-y\">\r\n\t\t\t\t\t\t\t\t<\/div>\r\n\t\t\t<\/div>\r\n        <\/div>\r\n\r\n\t\r\n\r\n             \r\n\t\t\t\t\t\t<\/div>\n\t\t\t\t<\/div>\n\t\t\t\t<\/div>\n\t\t<div class=\"elementor-element elementor-element-07b5454 e-con-full e-flex e-con e-child\" data-id=\"07b5454\" data-element_type=\"container\">\n\t\t\t\t<div class=\"elementor-element elementor-element-0b412f2 elementor-widget elementor-widget-konstic-heading-title-widget\" data-id=\"0b412f2\" data-element_type=\"widget\" data-widget_type=\"konstic-heading-title-widget.default\">\n\t\t\t\t<div class=\"elementor-widget-container\">\n\t\t\t\t\t\r\n\t\r\n\r\n<div class=\"section-title m-0\">\r\n\t<h6><i class=\"fa-sharp fa-solid fa-hammer me-2\"><\/i>Notre histoire<\/h6>\r\n<\/div>\r\n\r\n\t\r\n\r\n             \r\n\t\t\t\t\t\t<\/div>\n\t\t\t\t<\/div>\n\t\t\t\t<div class=\"elementor-element elementor-element-02a970b elementor-widget elementor-widget-heading\" data-id=\"02a970b\" data-element_type=\"widget\" data-widget_type=\"heading.default\">\n\t\t\t\t\t<h2 class=\"elementor-heading-title elementor-size-default\">Une expertise de 20 ans au service de vos projets<\/h2>\t\t\t\t<\/div>\n\t\t\t\t<div class=\"elementor-element elementor-element-87bc45b elementor-widget elementor-widget-text-editor\" data-id=\"87bc45b\" data-element_type=\"widget\" data-widget_type=\"text-editor.default\">\n\t\t\t\t\t\t\t\t\t<p>Avant 2017, ses fondateurs travaillaient de mani\u00e8re dispers\u00e9e. Peinture, carrelage, ma\u00e7onnerie, rev\u00eatements : diff\u00e9rents professionnels, diff\u00e9rentes approches, communication difficile. Et pourtant, chacun avait accumul\u00e9 plus de 20 ans d&rsquo;exp\u00e9rience, d&rsquo;expertise et de savoir-faire dans le b\u00e2timent. L&rsquo;id\u00e9e a germ\u00e9 : et si on cr\u00e9ait une seule \u00e9quipe, soud\u00e9e, avec toute cette exp\u00e9rience combin\u00e9e ? En 2017, Adam Bat a \u00e9t\u00e9 cr\u00e9\u00e9e pour transformer cette vision en r\u00e9alit\u00e9. Notre objectif \u00e9tait clair : devenir le\u00a0<strong>partenaire unique et de confiance<\/strong>\u00a0des particuliers et petits professionnels pour tous leurs travaux de r\u00e9novation en \u00cele-de-France.<\/p>\t\t\t\t\t\t\t\t<\/div>\n\t\t\t\t<div class=\"elementor-element elementor-element-558617a elementor-icon-list--layout-traditional elementor-list-item-link-full_width elementor-widget elementor-widget-icon-list\" data-id=\"558617a\" data-element_type=\"widget\" data-widget_type=\"icon-list.default\">\n\t\t\t\t\t\t\t<ul class=\"elementor-icon-list-items\">\n\t\t\t\t\t\t\t<li class=\"elementor-icon-list-item\">\n\t\t\t\t\t\t\t\t\t\t\t<span class=\"elementor-icon-list-icon\">\n\t\t\t\t\t\t\t<svg aria-hidden=\"true\" class=\"e-font-icon-svg e-fas-check-circle\" viewBox=\"0 0 512 512\" xmlns=\"http:\/\/www.w3.org\/2000\/svg\"><path d=\"M504 256c0 136.967-111.033 248-248 248S8 392.967 8 256 119.033 8 256 8s248 111.033 248 248zM227.314 387.314l184-184c6.248-6.248 6.248-16.379 0-22.627l-22.627-22.627c-6.248-6.249-16.379-6.249-22.628 0L216 308.118l-70.059-70.059c-6.248-6.248-16.379-6.248-22.628 0l-22.627 22.627c-6.248 6.248-6.248 16.379 0 22.627l104 104c6.249 6.249 16.379 6.249 22.628.001z\"><\/path><\/svg>\t\t\t\t\t\t<\/span>\n\t\t\t\t\t\t\t\t\t\t<span class=\"elementor-icon-list-text\">Expertise v\u00e9rifi\u00e9e de 20+ ans<\/span>\n\t\t\t\t\t\t\t\t\t<\/li>\n\t\t\t\t\t\t\t\t<li class=\"elementor-icon-list-item\">\n\t\t\t\t\t\t\t\t\t\t\t<span class=\"elementor-icon-list-icon\">\n\t\t\t\t\t\t\t<svg aria-hidden=\"true\" class=\"e-font-icon-svg e-fas-check-circle\" viewBox=\"0 0 512 512\" xmlns=\"http:\/\/www.w3.org\/2000\/svg\"><path d=\"M504 256c0 136.967-111.033 248-248 248S8 392.967 8 256 119.033 8 256 8s248 111.033 248 248zM227.314 387.314l184-184c6.248-6.248 6.248-16.379 0-22.627l-22.627-22.627c-6.248-6.249-16.379-6.249-22.628 0L216 308.118l-70.059-70.059c-6.248-6.248-16.379-6.248-22.628 0l-22.627 22.627c-6.248 6.248-6.248 16.379 0 22.627l104 104c6.249 6.249 16.379 6.249 22.628.001z\"><\/path><\/svg>\t\t\t\t\t\t<\/span>\n\t\t\t\t\t\t\t\t\t\t<span class=\"elementor-icon-list-text\">Une \u00e9quipe unie et structur\u00e9e depuis 2017<\/span>\n\t\t\t\t\t\t\t\t\t<\/li>\n\t\t\t\t\t\t\t\t<li class=\"elementor-icon-list-item\">\n\t\t\t\t\t\t\t\t\t\t\t<span class=\"elementor-icon-list-icon\">\n\t\t\t\t\t\t\t<svg aria-hidden=\"true\" class=\"e-font-icon-svg e-fas-check-circle\" viewBox=\"0 0 512 512\" xmlns=\"http:\/\/www.w3.org\/2000\/svg\"><path d=\"M504 256c0 136.967-111.033 248-248 248S8 392.967 8 256 119.033 8 256 8s248 111.033 248 248zM227.314 387.314l184-184c6.248-6.248 6.248-16.379 0-22.627l-22.627-22.627c-6.248-6.249-16.379-6.249-22.628 0L216 308.118l-70.059-70.059c-6.248-6.248-16.379-6.248-22.628 0l-22.627 22.627c-6.248 6.248-6.248 16.379 0 22.627l104 104c6.249 6.249 16.379 6.249 22.628.001z\"><\/path><\/svg>\t\t\t\t\t\t<\/span>\n\t\t\t\t\t\t\t\t\t\t<span class=\"elementor-icon-list-text\">Une r\u00e9f\u00e9rence en \u00cele-de-France depuis plusieurs ann\u00e9es<\/span>\n\t\t\t\t\t\t\t\t\t<\/li>\n\t\t\t\t\t\t<\/ul>\n\t\t\t\t\t\t<\/div>\n\t\t\t\t<div class=\"elementor-element elementor-element-09153bb elementor-widget-divider--view-line elementor-widget elementor-widget-divider\" data-id=\"09153bb\" data-element_type=\"widget\" data-widget_type=\"divider.default\">\n\t\t\t\t\t\t\t<div class=\"elementor-divider\">\n\t\t\t<span class=\"elementor-divider-separator\">\n\t\t\t\t\t\t<\/span>\n\t\t<\/div>\n\t\t\t\t\t\t<\/div>\n\t\t\t\t<\/div>\n\t\t\t\t\t<\/div>\n\t\t\t\t<\/div>\n\t\t\t\t<\/div>\n\t\t","protected":false},"excerpt":{"rendered":"Notre histoire Une expertise de 20 ans au service de vos projets Avant 2017, ses fondateurs travaillaient de mani\u00e8re dispers\u00e9e. Peinture, carrelage, ma\u00e7onnerie, rev\u00eatements : diff\u00e9rents professionnels, diff\u00e9rentes approches, communication difficile. Et pourtant, chacun avait accumul\u00e9 plus de 20 ans d&rsquo;exp\u00e9rience, d&rsquo;expertise et de savoir-faire dans le b\u00e2timent. L&rsquo;id\u00e9e a germ\u00e9 : et si on\u2026","protected":false},"author":1,"featured_media":0,"parent":0,"menu_order":0,"comment_status":"closed","ping_status":"closed","template":"elementor_header_footer","meta":{"inline_featured_image":false,"footnotes":""},"class_list":["post-1063","page","type-page","status-publish","hentry"],"_links":{"self":[{"href":"https:\/\/www.adam-bat.com\/index.php\/wp-json\/wp\/v2\/pages\/1063","targetHints":{"allow":["GET"]}}],"collection":[{"href":"https:\/\/www.adam-bat.com\/index.php\/wp-json\/wp\/v2\/pages"}],"about":[{"href":"https:\/\/www.adam-bat.com\/index.php\/wp-json\/wp\/v2\/types\/page"}],"author":[{"embeddable":true,"href":"https:\/\/www.adam-bat.com\/index.php\/wp-json\/wp\/v2\/users\/1"}],"replies":[{"embeddable":true,"href":"https:\/\/www.adam-bat.com\/index.php\/wp-json\/wp\/v2\/comments?post=1063"}],"version-history":[{"count":4,"href":"https:\/\/www.adam-bat.com\/index.php\/wp-json\/wp\/v2\/pages\/1063\/revisions"}],"predecessor-version":[{"id":2322,"href":"https:\/\/www.adam-bat.com\/index.php\/wp-json\/wp\/v2\/pages\/1063\/revisions\/2322"}],"wp:attachment":[{"href":"https:\/\/www.adam-bat.com\/index.php\/wp-json\/wp\/v2\/media?parent=1063"}],"curies":[{"name":"wp","href":"https:\/\/api.w.org\/{rel}","templated":true}]}}